{"id":4853,"date":"2025-01-30T14:35:09","date_gmt":"2025-01-30T20:35:09","guid":{"rendered":"https:\/\/home.briyamcoworkingmedico.com\/santafe\/?page_id=4853"},"modified":"2025-01-30T14:39:37","modified_gmt":"2025-01-30T20:39:37","slug":"aviso-de-privacidad","status":"publish","type":"page","link":"https:\/\/home.briyamcoworkingmedico.com\/santafe\/aviso-de-privacidad\/","title":{"rendered":"Aviso de privacidad"},"content":{"rendered":"<div class=\"wpb-content-wrapper\"><p>[vc_row][vc_column][vc_empty_space height=&#8221;60px&#8221; css_params=&#8221;&#8221;][\/vc_column][\/vc_row][vc_row wrap_container=&#8221;yes&#8221; conditional_render=&#8221;%5B%7B%22value_role%22%3A%22administrator%22%7D%5D&#8221; css_params=&#8221;&#8221;][vc_column][vc_column_text css=&#8221;&#8221; css_params=&#8221;&#8221;]Negocios B-Medical S.A de CV \u2013 (\u201cBriyam Coworking Medico\u201d) con domicilio en Monterrey 243, interior 502 Roma Sur, Alcald\u00eda Cuauht\u00e9moc C.P. 06760 CDMX; le informa que es responsable del tratamiento de sus datos personales. Se extiende el presente Aviso de Privacidad de conformidad y de acuerdo a lo establecido en la Ley Federal de Protecci\u00f3n de Datos Personales en Posesi\u00f3n de los Particulares para solicitar su conocimiento para obtener y\/o usar y\/o transmitir y\/o almacenar sus datos personales consistentes en:<\/p>\n<ul>\n<li>&#8211; Nombres (s) y apellidos<\/li>\n<li>&#8211; Cedula Profesional<\/li>\n<li>&#8211; INE<\/li>\n<li>&#8211; Direcciones de correo electr\u00f3nico<\/li>\n<li>&#8211; N\u00famero telef\u00f3nico de casa<\/li>\n<li>&#8211; N\u00famero telef\u00f3nico de oficina<\/li>\n<li>&#8211; N\u00famero telef\u00f3nico m\u00f3vil<\/li>\n<li>&#8211; Datos Demogr\u00e1ficos<\/li>\n<\/ul>\n<p>No recabamos datos personales sensibles en nuestro sitio web.<\/p>\n<p>El tratamiento de sus datos personales ser\u00e1 efectuado por Briyam Coworking Medico para sus procesos de investigaci\u00f3n de mercados (evaluar la calidad del servicio, realizar estudios internos sobre h\u00e1bitos de consumo), almacenando los datos personales mencionados con anterioridad; el cual incluye en su caso, la transmisi\u00f3n de dichos datos al Cliente que requiera de nuestros servicios. Por lo anterior, hacemos de su conocimiento que B-MEDICAL no utilizar\u00e1 sus datos para prop\u00f3sito distinto a los antes mencionados.<\/p>\n<p>Para las finalidades se\u00f1aladas en el presente aviso de privacidad, podemos recabar sus datos personales de distintas formas: cuando usted nos los proporciona directamente; cuando visita nuestro sitio de internet, redes sociales o utiliza nuestras encuestas en l\u00ednea, y cuando obtenemos informaci\u00f3n a trav\u00e9s de otras fuentes que est\u00e1n permitidas por la ley.<\/p>\n<h3>Cookies, web beacons y c\u00f3mo se utilizan<\/h3>\n<p>Las cookies son archivos de texto que son descargados autom\u00e1ticamente y almacenados en el disco duro del equipo de c\u00f3mputo del usuario al navegar en una p\u00e1gina de internet espec\u00edfica, que permiten recordar al servidor de internet algunos datos sobre este usuario, entre ellos, sus preferencias para la visualizaci\u00f3n de las p\u00e1ginas con ese servidor, nombre y contrase\u00f1a.<\/p>\n<p>Por su parte, las web beacons son im\u00e1genes insertadas en una p\u00e1gina de internet o correo electr\u00f3nico, que puede ser utilizado para monitorear el comportamiento de un visitante, como almacenar informaci\u00f3n sobre la direcci\u00f3n IP del usuario, duraci\u00f3n del tiempo de interacci\u00f3n en dicha p\u00e1gina y el tipo de navegador utilizado, entre otros.<\/p>\n<p>Le informamos que utilizamos cookies y web beacons para obtener informaci\u00f3n personal de usted, como la siguiente:<\/p>\n<ul>\n<li>&#8211; Su tipo de navegador y sistema operativo<\/li>\n<li>&#8211; Horario de navegaci\u00f3n<\/li>\n<li>&#8211; El tiempo de navegaci\u00f3n en nuestra p\u00e1gina de Internet<\/li>\n<li>&#8211; Secciones consultadas<\/li>\n<li>&#8211; La direcci\u00f3n IP<\/li>\n<li>&#8211; El sitio que visit\u00f3 antes de entrar al nuestro<\/li>\n<\/ul>\n<h3>Para ejercer sus derechos arco y revocar el consentimiento otorgado<\/h3>\n<p>En caso de que usted as\u00ed lo determine y nos lo notifique por escrito, puede solicitar el Acceso, Rectificaci\u00f3n, Cancelaci\u00f3n u Oposici\u00f3n de sus datos personales.<\/p>\n<p>Para tales efectos, por favor dirigirse al siguiente contacto:<\/p>\n<p><strong>Edwin Cancino Elias, 55 11 64 72 97, email:<\/strong> <a href=\"mailto:contacto@briyamcoworkingmedico.com\">contacto@briyamcoworkingmedico.com<\/a><\/p>\n<p>En ese caso, BRIYAM ejecutar\u00e1 lo solicitado en un lapso de veinte d\u00edas, contados desde la fecha en que se recibi\u00f3 la solicitud de acceso, rectificaci\u00f3n, cancelaci\u00f3n u oposici\u00f3n, la determinaci\u00f3n adoptada, a efecto de que, se haga efectiva la misma dentro de los quince d\u00edas siguientes a la fecha en que se comunica la respuesta. Trat\u00e1ndose de solicitudes de acceso a datos personales, proceder\u00e1 la entrega previa acreditaci\u00f3n de la identidad del solicitante o representante legal, seg\u00fan corresponda. Los plazos antes referidos podr\u00e1n ser ampliados una sola vez por un periodo igual, siempre y cuando as\u00ed lo justifiquen las circunstancias del caso. Y se aplicar\u00e1n las restricciones establecidas en el Art 34 (El responsable podr\u00e1 negar el acceso a los datos personales, o a realizar la rectificaci\u00f3n o cancelaci\u00f3n o conceder la oposici\u00f3n al tratamiento de estos, en los siguientes supuestos:<\/p>\n<ul>\n<li>&#8211; Cuando el solicitante no sea el titular de los datos personales, o el representante legal no est\u00e9 debidamente acreditado para ello;<\/li>\n<li>&#8211; Cuando en su base de datos, no se encuentren los datos personales del solicitante;<\/li>\n<li>&#8211; Cuando se lesionen los derechos de un tercero;<\/li>\n<li>&#8211; Cuando exista un impedimento legal, o la resoluci\u00f3n de una autoridad competente, que restrinja el acceso a los datos personales, o no permita la rectificaci\u00f3n, cancelaci\u00f3n u oposici\u00f3n de estos, y<\/li>\n<li>&#8211; Cuando la rectificaci\u00f3n, cancelaci\u00f3n u oposici\u00f3n haya sido previamente realizada.<\/li>\n<\/ul>\n<p>La negativa a que se refiere este art\u00edculo podr\u00e1 ser parcial en cuyo caso el responsable efectuar\u00e1 el acceso, rectificaci\u00f3n, cancelaci\u00f3n u oposici\u00f3n requerida por el titular.<\/p>\n<p>En todos los casos anteriores, el responsable deber\u00e1 informar el motivo de su decisi\u00f3n y comunicarla al titular, o en su caso, al representante legal, en los plazos establecidos para tal efecto, por el mismo medio por el que se llev\u00f3 a cabo la solicitud, acompa\u00f1ando, en su caso, las pruebas que resulten pertinentes).<\/p>\n<p>Con objeto de que usted pueda limitar el uso y divulgaci\u00f3n personal le ofrecemos los siguientes m\u00e9todos:<\/p>\n<ul>\n<li>&#8211; Inscripci\u00f3n en el Registro P\u00fablico para Evitar Publicidad, que est\u00e1 a cargo de la Procuradur\u00eda Federal del Consumidor, con la finalidad de que sus datos personales no sean utilizados para recibir publicidad o promociones de empresas de bienes o servicios.<\/li>\n<\/ul>\n<p>Su registro en nuestro listado de exclusi\u00f3n a fin de que sus datos personales no sean tratados con fines mercadot\u00e9cnicos, publicitarios o de prospecci\u00f3n comercial por nuestra parte. Para m\u00e1s informaci\u00f3n llamar al n\u00famero telef\u00f3nico 5511647297 y\/o enviar un correo electr\u00f3nico a : <a href=\"mailto:contacto@briyamcoworkingmedico.com\">contacto@briyamcoworkingmedico.com<\/a><\/p>\n<h3>Cambios en el aviso de privacidad<\/h3>\n<p>Nos reservamos el derecho de efectuar en cualquier momento modificaciones o actualizaciones al Aviso de Privacidad, con el fin de cumplir con nuevas disposiciones establecidas en la Ley de la materia, cambios en las pol\u00edticas internas o nuevos requerimientos para la prestaci\u00f3n u ofrecimiento de nuestros servicios.<\/p>\n<p>Cuando sea el caso las modificaciones estar\u00e1n disponibles y visibles en nuestras oficinas o a efectos de lo anterior Briyam Coworking Medico podr\u00e1 comunicar al titular los cambios realizados al presente Aviso de Privacidad a trav\u00e9s de cualquiera de los siguientes medios: avisos colocados en lugares visibles en las oficinas de Briyam Coworking Medico, escrito enviado a cualquiera de los domicilios que se tengan del titular, avisos colocados en el sitio de Internet de Briyam Coworking Medico https:\/\/home.briyamcoworkingmedico.com\/, o se las haremos llegar al \u00faltimo correo electr\u00f3nico que nos proporcione el titular.<\/p>\n<h3>Fecha de la \u00faltima actualizaci\u00f3n<\/h3>\n<p>Este Aviso de Privacidad fue modificado el d\u00eda 30-01-2025[\/vc_column_text][\/vc_column][\/vc_row][vc_row][vc_column][vc_empty_space height=&#8221;60px&#8221; css_params=&#8221;&#8221;][\/vc_column][\/vc_row]<\/p>\n<\/div>","protected":false},"excerpt":{"rendered":"<p>[vc_row][vc_column][vc_empty_space height=&#8221;60px&#8221; css_params=&#8221;&#8221;][\/vc_column][\/vc_row][vc_row wrap_container=&#8221;yes&#8221; conditional_render=&#8221;%5B%7B%22value_role%22%3A%22administrator%22%7D%5D&#8221; css_params=&#8221;&#8221;][vc_column][vc_column_text css=&#8221;&#8221; css_params=&#8221;&#8221;]Negocios B-Medical S.A de CV \u2013 (\u201cBriyam Coworking Medico\u201d) con domicilio en Monterrey 243, interior 502 Roma Sur, Alcald\u00eda Cuauht\u00e9moc C.P. 06760 CDMX; le informa que es responsable del tratamiento de sus datos personales. Se extiende el presente Aviso de Privacidad de conformidad y de acuerdo a lo [&hellip;]<\/p>\n","protected":false},"author":1,"featured_media":0,"parent":0,"menu_order":0,"comment_status":"closed","ping_status":"closed","template":"","meta":{"footnotes":""},"class_list":["post-4853","page","type-page","status-publish","hentry"],"yoast_head":"<!-- This site is optimized with the Yoast SEO plugin v27.3 - https:\/\/yoast.com\/product\/yoast-seo-wordpress\/ -->\n<title>Aviso de privacidad - Briyam Coworking M\u00e9dico Santa Fe<\/title>\n<meta name=\"robots\" content=\"index, follow, max-snippet:-1, max-image-preview:large, max-video-preview:-1\" \/>\n<link rel=\"canonical\" href=\"https:\/\/home.briyamcoworkingmedico.com\/santafe\/aviso-de-privacidad\/\" \/>\n<meta property=\"og:locale\" content=\"es_ES\" \/>\n<meta property=\"og:type\" content=\"article\" \/>\n<meta property=\"og:title\" content=\"Aviso de privacidad - Briyam Coworking M\u00e9dico Santa Fe\" \/>\n<meta property=\"og:description\" content=\"[vc_row][vc_column][vc_empty_space height=&#8221;60px&#8221; css_params=&#8221;&#8221;][\/vc_column][\/vc_row][vc_row wrap_container=&#8221;yes&#8221; conditional_render=&#8221;%5B%7B%22value_role%22%3A%22administrator%22%7D%5D&#8221; css_params=&#8221;&#8221;][vc_column][vc_column_text css=&#8221;&#8221; css_params=&#8221;&#8221;]Negocios B-Medical S.A de CV \u2013 (\u201cBriyam Coworking Medico\u201d) con domicilio en Monterrey 243, interior 502 Roma Sur, Alcald\u00eda Cuauht\u00e9moc C.P. 06760 CDMX; le informa que es responsable del tratamiento de sus datos personales. Se extiende el presente Aviso de Privacidad de conformidad y de acuerdo a lo [&hellip;]\" \/>\n<meta property=\"og:url\" content=\"https:\/\/home.briyamcoworkingmedico.com\/santafe\/aviso-de-privacidad\/\" \/>\n<meta property=\"og:site_name\" content=\"Briyam Coworking M\u00e9dico Santa Fe\" \/>\n<meta property=\"article:publisher\" content=\"https:\/\/www.facebook.com\/people\/Briyam-Coworking-Mdico\/100064161850018\/\" \/>\n<meta property=\"article:modified_time\" content=\"2025-01-30T20:39:37+00:00\" \/>\n<meta name=\"twitter:card\" content=\"summary_large_image\" \/>\n<script type=\"application\/ld+json\" class=\"yoast-schema-graph\">{\"@context\":\"https:\\\/\\\/schema.org\",\"@graph\":[{\"@type\":\"WebPage\",\"@id\":\"https:\\\/\\\/home.briyamcoworkingmedico.com\\\/santafe\\\/aviso-de-privacidad\\\/\",\"url\":\"https:\\\/\\\/home.briyamcoworkingmedico.com\\\/santafe\\\/aviso-de-privacidad\\\/\",\"name\":\"Aviso de privacidad - Briyam Coworking M\u00e9dico Santa Fe\",\"isPartOf\":{\"@id\":\"https:\\\/\\\/home.briyamcoworkingmedico.com\\\/santafe\\\/#website\"},\"datePublished\":\"2025-01-30T20:35:09+00:00\",\"dateModified\":\"2025-01-30T20:39:37+00:00\",\"breadcrumb\":{\"@id\":\"https:\\\/\\\/home.briyamcoworkingmedico.com\\\/santafe\\\/aviso-de-privacidad\\\/#breadcrumb\"},\"inLanguage\":\"es\",\"potentialAction\":[{\"@type\":\"ReadAction\",\"target\":[\"https:\\\/\\\/home.briyamcoworkingmedico.com\\\/santafe\\\/aviso-de-privacidad\\\/\"]}]},{\"@type\":\"BreadcrumbList\",\"@id\":\"https:\\\/\\\/home.briyamcoworkingmedico.com\\\/santafe\\\/aviso-de-privacidad\\\/#breadcrumb\",\"itemListElement\":[{\"@type\":\"ListItem\",\"position\":1,\"name\":\"Portada\",\"item\":\"https:\\\/\\\/home.briyamcoworkingmedico.com\\\/santafe\\\/\"},{\"@type\":\"ListItem\",\"position\":2,\"name\":\"Aviso de privacidad\"}]},{\"@type\":\"WebSite\",\"@id\":\"https:\\\/\\\/home.briyamcoworkingmedico.com\\\/santafe\\\/#website\",\"url\":\"https:\\\/\\\/home.briyamcoworkingmedico.com\\\/santafe\\\/\",\"name\":\"Briyam Coworking M\u00e9dico Santa Fe\",\"description\":\"Consultorio m\u00e9dico moderno, equipado y sin inversiones\",\"potentialAction\":[{\"@type\":\"SearchAction\",\"target\":{\"@type\":\"EntryPoint\",\"urlTemplate\":\"https:\\\/\\\/home.briyamcoworkingmedico.com\\\/santafe\\\/?s={search_term_string}\"},\"query-input\":{\"@type\":\"PropertyValueSpecification\",\"valueRequired\":true,\"valueName\":\"search_term_string\"}}],\"inLanguage\":\"es\"}]}<\/script>\n<!-- \/ Yoast SEO plugin. -->","yoast_head_json":{"title":"Aviso de privacidad - Briyam Coworking M\u00e9dico Santa Fe","robots":{"index":"index","follow":"follow","max-snippet":"max-snippet:-1","max-image-preview":"max-image-preview:large","max-video-preview":"max-video-preview:-1"},"canonical":"https:\/\/home.briyamcoworkingmedico.com\/santafe\/aviso-de-privacidad\/","og_locale":"es_ES","og_type":"article","og_title":"Aviso de privacidad - Briyam Coworking M\u00e9dico Santa Fe","og_description":"[vc_row][vc_column][vc_empty_space height=&#8221;60px&#8221; css_params=&#8221;&#8221;][\/vc_column][\/vc_row][vc_row wrap_container=&#8221;yes&#8221; conditional_render=&#8221;%5B%7B%22value_role%22%3A%22administrator%22%7D%5D&#8221; css_params=&#8221;&#8221;][vc_column][vc_column_text css=&#8221;&#8221; css_params=&#8221;&#8221;]Negocios B-Medical S.A de CV \u2013 (\u201cBriyam Coworking Medico\u201d) con domicilio en Monterrey 243, interior 502 Roma Sur, Alcald\u00eda Cuauht\u00e9moc C.P. 06760 CDMX; le informa que es responsable del tratamiento de sus datos personales. Se extiende el presente Aviso de Privacidad de conformidad y de acuerdo a lo [&hellip;]","og_url":"https:\/\/home.briyamcoworkingmedico.com\/santafe\/aviso-de-privacidad\/","og_site_name":"Briyam Coworking M\u00e9dico Santa Fe","article_publisher":"https:\/\/www.facebook.com\/people\/Briyam-Coworking-Mdico\/100064161850018\/","article_modified_time":"2025-01-30T20:39:37+00:00","twitter_card":"summary_large_image","schema":{"@context":"https:\/\/schema.org","@graph":[{"@type":"WebPage","@id":"https:\/\/home.briyamcoworkingmedico.com\/santafe\/aviso-de-privacidad\/","url":"https:\/\/home.briyamcoworkingmedico.com\/santafe\/aviso-de-privacidad\/","name":"Aviso de privacidad - Briyam Coworking M\u00e9dico Santa Fe","isPartOf":{"@id":"https:\/\/home.briyamcoworkingmedico.com\/santafe\/#website"},"datePublished":"2025-01-30T20:35:09+00:00","dateModified":"2025-01-30T20:39:37+00:00","breadcrumb":{"@id":"https:\/\/home.briyamcoworkingmedico.com\/santafe\/aviso-de-privacidad\/#breadcrumb"},"inLanguage":"es","potentialAction":[{"@type":"ReadAction","target":["https:\/\/home.briyamcoworkingmedico.com\/santafe\/aviso-de-privacidad\/"]}]},{"@type":"BreadcrumbList","@id":"https:\/\/home.briyamcoworkingmedico.com\/santafe\/aviso-de-privacidad\/#breadcrumb","itemListElement":[{"@type":"ListItem","position":1,"name":"Portada","item":"https:\/\/home.briyamcoworkingmedico.com\/santafe\/"},{"@type":"ListItem","position":2,"name":"Aviso de privacidad"}]},{"@type":"WebSite","@id":"https:\/\/home.briyamcoworkingmedico.com\/santafe\/#website","url":"https:\/\/home.briyamcoworkingmedico.com\/santafe\/","name":"Briyam Coworking M\u00e9dico Santa Fe","description":"Consultorio m\u00e9dico moderno, equipado y sin inversiones","potentialAction":[{"@type":"SearchAction","target":{"@type":"EntryPoint","urlTemplate":"https:\/\/home.briyamcoworkingmedico.com\/santafe\/?s={search_term_string}"},"query-input":{"@type":"PropertyValueSpecification","valueRequired":true,"valueName":"search_term_string"}}],"inLanguage":"es"}]}},"_links":{"self":[{"href":"https:\/\/home.briyamcoworkingmedico.com\/santafe\/wp-json\/wp\/v2\/pages\/4853","targetHints":{"allow":["GET"]}}],"collection":[{"href":"https:\/\/home.briyamcoworkingmedico.com\/santafe\/wp-json\/wp\/v2\/pages"}],"about":[{"href":"https:\/\/home.briyamcoworkingmedico.com\/santafe\/wp-json\/wp\/v2\/types\/page"}],"author":[{"embeddable":true,"href":"https:\/\/home.briyamcoworkingmedico.com\/santafe\/wp-json\/wp\/v2\/users\/1"}],"replies":[{"embeddable":true,"href":"https:\/\/home.briyamcoworkingmedico.com\/santafe\/wp-json\/wp\/v2\/comments?post=4853"}],"version-history":[{"count":1,"href":"https:\/\/home.briyamcoworkingmedico.com\/santafe\/wp-json\/wp\/v2\/pages\/4853\/revisions"}],"predecessor-version":[{"id":4854,"href":"https:\/\/home.briyamcoworkingmedico.com\/santafe\/wp-json\/wp\/v2\/pages\/4853\/revisions\/4854"}],"wp:attachment":[{"href":"https:\/\/home.briyamcoworkingmedico.com\/santafe\/wp-json\/wp\/v2\/media?parent=4853"}],"curies":[{"name":"wp","href":"https:\/\/api.w.org\/{rel}","templated":true}]}}